{"id":181,"date":"2023-03-01T18:07:40","date_gmt":"2023-03-01T18:07:40","guid":{"rendered":"http:\/\/localhost\/afg\/?page_id=181"},"modified":"2025-05-09T12:42:27","modified_gmt":"2025-05-09T12:42:27","slug":"missions-et-valeurs","status":"publish","type":"page","link":"https:\/\/afgassurancesmali.com\/fr\/missions-et-valeurs\/","title":{"rendered":"Missions et valeurs"},"content":{"rendered":"<p>Nous sommes AFG Assurances Mali, la 2<sup>\u00e8me<\/sup> compagnie d\u2019assurance sur le march\u00e9 Malien, et nous sommes engag\u00e9s \u00e0 am\u00e9liorer de mani\u00e8re continue notre qualit\u00e9 de service en proposant \u00e0 nos clients des offres et services de pointe.<\/p>\n<ul>\n<li>C\u2019est dans cet \u00e9tat d\u2019esprit que nous avons d\u00e9marr\u00e9 l&rsquo;ann\u00e9e 2023, en nous appuyant sur la d\u00e9termination de nos \u00e9quipes qui sont reconnues pour leur agilit\u00e9 et leur professionnalisme, ainsi que sur la confiance de nos clients et partenaires afin d&rsquo;accro\u00eetre notre part de march\u00e9 et de renforcer la visibilit\u00e9 de notre marque.<\/li>\n<li>Depuis notre cr\u00e9ation, la solidit\u00e9 financi\u00e8re et les partenariats commerciaux stables et p\u00e9rennes sont les piliers de notre strat\u00e9gie.<\/li>\n<li>Notre objectif principal est de poursuivre la digitalisation de nos processus de souscription et d&rsquo;indemnisation, ce qui passe par le d\u00e9veloppement d\u2019une s\u00e9rie de produits novateurs et simples pour r\u00e9pondre aux besoins des populations locales et\u00a0de\u00a0la\u00a0diaspora.<\/li>\n<\/ul>\n<p><\/p>","protected":false},"excerpt":{"rendered":"<p>Nous sommes AFG Assurances Mali, la 2\u00e8me compagnie d\u2019assurance sur le march\u00e9 Malien, et nous sommes engag\u00e9s \u00e0 am\u00e9liorer de mani\u00e8re continue notre qualit\u00e9 de service en proposant \u00e0 nos clients des offres et services de pointe. C\u2019est dans cet \u00e9tat d\u2019esprit que nous avons d\u00e9marr\u00e9 l&rsquo;ann\u00e9e 2023, en nous appuyant sur la d\u00e9termination de [&hellip;]<\/p>\n","protected":false},"author":2,"featured_media":1497,"parent":0,"menu_order":0,"comment_status":"closed","ping_status":"closed","template":"engagement.php","meta":{"_acf_changed":false,"footnotes":""},"class_list":["post-181","page","type-page","status-publish","has-post-thumbnail","hentry"],"acf":[],"_links":{"self":[{"href":"https:\/\/afgassurancesmali.com\/fr\/wp-json\/wp\/v2\/pages\/181","targetHints":{"allow":["GET"]}}],"collection":[{"href":"https:\/\/afgassurancesmali.com\/fr\/wp-json\/wp\/v2\/pages"}],"about":[{"href":"https:\/\/afgassurancesmali.com\/fr\/wp-json\/wp\/v2\/types\/page"}],"author":[{"embeddable":true,"href":"https:\/\/afgassurancesmali.com\/fr\/wp-json\/wp\/v2\/users\/2"}],"replies":[{"embeddable":true,"href":"https:\/\/afgassurancesmali.com\/fr\/wp-json\/wp\/v2\/comments?post=181"}],"version-history":[{"count":29,"href":"https:\/\/afgassurancesmali.com\/fr\/wp-json\/wp\/v2\/pages\/181\/revisions"}],"predecessor-version":[{"id":1526,"href":"https:\/\/afgassurancesmali.com\/fr\/wp-json\/wp\/v2\/pages\/181\/revisions\/1526"}],"wp:featuredmedia":[{"embeddable":true,"href":"https:\/\/afgassurancesmali.com\/fr\/wp-json\/wp\/v2\/media\/1497"}],"wp:attachment":[{"href":"https:\/\/afgassurancesmali.com\/fr\/wp-json\/wp\/v2\/media?parent=181"}],"curies":[{"name":"wp","href":"https:\/\/api.w.org\/{rel}","templated":true}]}}