{"id":421,"date":"2023-03-09T11:20:39","date_gmt":"2023-03-09T11:20:39","guid":{"rendered":"http:\/\/localhost\/afg\/?page_id=421"},"modified":"2023-11-17T08:47:36","modified_gmt":"2023-11-17T08:47:36","slug":"faq","status":"publish","type":"page","link":"https:\/\/afgassurancesmali.com\/fr\/faq\/","title":{"rendered":"FAQ"},"content":{"rendered":"<p>Vous avez des questions fr\u00e9quentes concernant nos produits, nos services ou tout autre aspect de l\u2019assurance ? Consultez notre section FAQ pour trouver les r\u00e9ponses aux questions les plus courantes. Si vous ne trouvez pas la r\u00e9ponse que vous cherchez, n&rsquo;h\u00e9sitez pas \u00e0 nous contacter, nous serons ravis de vous aider.<br \/>\nNous vous remercions de votre visite sur notre site et nous esp\u00e9rons que vous trouverez les informations dont vous avez besoin. N&rsquo;h\u00e9sitez pas \u00e0 explorer les autres sections du site pour en savoir plus sur Atlantique Assurances Mali, nos produits et services, ainsi que les opportunit\u00e9s de carri\u00e8re au sein de notre institution financi\u00e8re.<\/p>\n","protected":false},"excerpt":{"rendered":"<p>Vous avez des questions fr\u00e9quentes concernant nos produits, nos services ou tout autre aspect de l\u2019assurance ? Consultez notre section FAQ pour trouver les r\u00e9ponses aux questions les plus courantes. Si vous ne trouvez pas la r\u00e9ponse que vous cherchez, n&rsquo;h\u00e9sitez pas \u00e0 nous contacter, nous serons ravis de vous aider. Nous vous remercions de [&hellip;]<\/p>\n","protected":false},"author":2,"featured_media":0,"parent":0,"menu_order":0,"comment_status":"closed","ping_status":"closed","template":"faq.php","meta":{"_acf_changed":false,"footnotes":""},"class_list":["post-421","page","type-page","status-publish","hentry"],"acf":[],"_links":{"self":[{"href":"https:\/\/afgassurancesmali.com\/fr\/wp-json\/wp\/v2\/pages\/421","targetHints":{"allow":["GET"]}}],"collection":[{"href":"https:\/\/afgassurancesmali.com\/fr\/wp-json\/wp\/v2\/pages"}],"about":[{"href":"https:\/\/afgassurancesmali.com\/fr\/wp-json\/wp\/v2\/types\/page"}],"author":[{"embeddable":true,"href":"https:\/\/afgassurancesmali.com\/fr\/wp-json\/wp\/v2\/users\/2"}],"replies":[{"embeddable":true,"href":"https:\/\/afgassurancesmali.com\/fr\/wp-json\/wp\/v2\/comments?post=421"}],"version-history":[{"count":9,"href":"https:\/\/afgassurancesmali.com\/fr\/wp-json\/wp\/v2\/pages\/421\/revisions"}],"predecessor-version":[{"id":1400,"href":"https:\/\/afgassurancesmali.com\/fr\/wp-json\/wp\/v2\/pages\/421\/revisions\/1400"}],"wp:attachment":[{"href":"https:\/\/afgassurancesmali.com\/fr\/wp-json\/wp\/v2\/media?parent=421"}],"curies":[{"name":"wp","href":"https:\/\/api.w.org\/{rel}","templated":true}]}}