{"id":66,"date":"2023-02-26T19:23:27","date_gmt":"2023-02-26T19:23:27","guid":{"rendered":"http:\/\/localhost\/afg\/?page_id=66"},"modified":"2025-11-05T09:31:58","modified_gmt":"2025-11-05T09:31:58","slug":"presentation-de-la-filiale","status":"publish","type":"page","link":"https:\/\/afgassurancesmali.com\/fr\/presentation-de-la-filiale\/","title":{"rendered":"Pr\u00e9sentation de la filiale"},"content":{"rendered":"<p style=\"text-align: justify;\">Fond\u00e9e le 25 avril 2016, AFG Assurances Mali est une soci\u00e9t\u00e9 de droit malien sp\u00e9cialis\u00e9e dans l\u2019assurance non-vie.<br \/>\nAgr\u00e9\u00e9e par la Conf\u00e9rence Interafricaine des March\u00e9s d\u2019Assurances (CIMA), notre compagnie intervient dans les domaines de l\u2019assurance classique et de la micro-assurance.<\/p>\n<p style=\"text-align: justify;\">Avec un capital social de 3 milliards de FCFA, AFG Assurances Mali s\u2019est impos\u00e9e comme un acteur solide et fiable du secteur de l\u2019assurance au Mali.<\/p>\n<p style=\"text-align: justify;\">Depuis 2022, nous occupons la 2<sup>\u00e8me<\/sup> place du march\u00e9, une reconnaissance qui t\u00e9moigne de la confiance de nos clients et de la qualit\u00e9 de nos services.<\/p>\n<p style=\"text-align: justify;\">En 2023, nous avons plac\u00e9 la digitalisation au c\u0153ur de notre strat\u00e9gie de d\u00e9veloppement, en proposant des produits d\u2019assurances innovants et accessibles sur l\u2019ensemble du territoire, r\u00e9pondants aux besoins vari\u00e9s de notre client\u00e8le : particuliers, professionnels, entreprises, ONG et commer\u00e7ants.<\/p>\n<p style=\"text-align: justify;\">Chez AFG Assurances Mali, chaque assur\u00e9 compte, nous attachons une importance particuli\u00e8re au respect des d\u00e9lais de r\u00e8glement des sinistres ainsi qu\u2019\u00e0 la qualit\u00e9 de l\u2019accompagnement. Gr\u00e2ce \u00e0 des \u00e9quipes engag\u00e9es, disponibles et attentives, nous \u0153uvrons chaque jour pour offrir une exp\u00e9rience client fluide, transparente et r\u00e9solument tourn\u00e9e vers la satisfaction.<\/p>\n","protected":false},"excerpt":{"rendered":"<p>Fond\u00e9e le 25 avril 2016, AFG Assurances Mali est une soci\u00e9t\u00e9 de droit malien sp\u00e9cialis\u00e9e dans l\u2019assurance non-vie. Agr\u00e9\u00e9e par la Conf\u00e9rence Interafricaine des March\u00e9s d\u2019Assurances (CIMA), notre compagnie intervient dans les domaines de l\u2019assurance classique et de la micro-assurance. Avec un capital social de 3 milliards de FCFA, AFG Assurances Mali s\u2019est impos\u00e9e comme [&hellip;]<\/p>\n","protected":false},"author":2,"featured_media":1444,"parent":0,"menu_order":0,"comment_status":"closed","ping_status":"closed","template":"about.php","meta":{"_acf_changed":false,"footnotes":""},"class_list":["post-66","page","type-page","status-publish","has-post-thumbnail","hentry"],"acf":[],"_links":{"self":[{"href":"https:\/\/afgassurancesmali.com\/fr\/wp-json\/wp\/v2\/pages\/66","targetHints":{"allow":["GET"]}}],"collection":[{"href":"https:\/\/afgassurancesmali.com\/fr\/wp-json\/wp\/v2\/pages"}],"about":[{"href":"https:\/\/afgassurancesmali.com\/fr\/wp-json\/wp\/v2\/types\/page"}],"author":[{"embeddable":true,"href":"https:\/\/afgassurancesmali.com\/fr\/wp-json\/wp\/v2\/users\/2"}],"replies":[{"embeddable":true,"href":"https:\/\/afgassurancesmali.com\/fr\/wp-json\/wp\/v2\/comments?post=66"}],"version-history":[{"count":38,"href":"https:\/\/afgassurancesmali.com\/fr\/wp-json\/wp\/v2\/pages\/66\/revisions"}],"predecessor-version":[{"id":1801,"href":"https:\/\/afgassurancesmali.com\/fr\/wp-json\/wp\/v2\/pages\/66\/revisions\/1801"}],"wp:featuredmedia":[{"embeddable":true,"href":"https:\/\/afgassurancesmali.com\/fr\/wp-json\/wp\/v2\/media\/1444"}],"wp:attachment":[{"href":"https:\/\/afgassurancesmali.com\/fr\/wp-json\/wp\/v2\/media?parent=66"}],"curies":[{"name":"wp","href":"https:\/\/api.w.org\/{rel}","templated":true}]}}